{"id":11145,"date":"2026-03-04T11:41:14","date_gmt":"2026-03-04T17:41:14","guid":{"rendered":"https:\/\/www.aipflorida.com\/sms-privacy-policy\/"},"modified":"2026-03-04T11:43:27","modified_gmt":"2026-03-04T17:43:27","slug":"sms-privacy-policy","status":"publish","type":"page","link":"https:\/\/www.aipflorida.com\/es\/sms-privacy-policy\/","title":{"rendered":"Pol\u00edtica de privacidad de SMS"},"content":{"rendered":"<p>Nosotros, American Insurance Point LLC, podemos recopilar informaci\u00f3n personal directamente de usted, por ejemplo, durante el registro, al concertar una cita, al crear una cuenta, al contactarnos para obtener atenci\u00f3n al cliente, al finalizar la compra o durante una llamada telef\u00f3nica.<\/p>\n<p>La informaci\u00f3n personal que recopilamos directamente de usted puede incluir nombre y apellidos, direcci\u00f3n, correo electr\u00f3nico y n\u00famero de tel\u00e9fono.<\/p>\n<p>Al proporcionar esta informaci\u00f3n, usted acepta recibir SMS y llamadas telef\u00f3nicas de American Insurance Point LLC.<\/p>\n<p>Al iniciar una comunicaci\u00f3n SMS, usted acepta recibir SMS y llamadas telef\u00f3nicas de American Insurance Point LLC.<\/p>\n<p>En cualquier momento, puede responder \u00abSTOP\u00bb para dejar de recibir mensajes y \u00abHELP\u00bb para obtener ayuda o asistencia adicional sobre el programa de mensajer\u00eda.<\/p>\n<p>La frecuencia de los mensajes puede variar y podr\u00edan aplicarse tarifas por datos o mensajes.<\/p>\n<p>American Insurance Point LLC utiliza la informaci\u00f3n recopilada para los siguientes fines:<\/p>\n<ul>\n<li>Para procesar reservas y pagos<\/li>\n<li>Para brindar atenci\u00f3n al cliente y responder consultas<\/li>\n<li>Para enviar actualizaciones, confirmaciones e informaci\u00f3n relevante sobre el servicio<\/li>\n<li>Para cumplir con las obligaciones legales y prevenir el fraude<\/li>\n<li>No compartimos informaci\u00f3n con terceros. No compartiremos datos de suscripci\u00f3n m\u00f3vil con terceros.<\/li>\n<\/ul>\n<p>Doy mi consentimiento para recibir mensajes de texto de American Insurance Point LLC en relaci\u00f3n con mi consulta sobre nuestros servicios, productos y soporte.<\/p>\n<p><em>La informaci\u00f3n m\u00f3vil no se compartir\u00e1 con terceros ni afiliados con fines de marketing ni promocionales. Todas las dem\u00e1s categor\u00edas excluyen los datos de suscripci\u00f3n y el consentimiento del remitente de los mensajes de texto; esta informaci\u00f3n no se compartir\u00e1 con terceros.<\/em><\/p>\n","protected":false},"excerpt":{"rendered":"<p>Nosotros, , podemos recopilar informaci\u00f3n personal directamente de usted, por ejemplo, durante el registro, al concertar una cita, al crear [&hellip;]<\/p>\n","protected":false},"author":6,"featured_media":0,"parent":0,"menu_order":0,"comment_status":"closed","ping_status":"closed","template":"","meta":{"_acf_changed":false,"_seopress_robots_primary_cat":"","_seopress_titles_title":"","_seopress_titles_desc":"","_seopress_robots_index":"","_analytify_skip_tracking":false,"footnotes":""},"class_list":["post-11145","page","type-page","status-publish","hentry"],"acf":[],"_links":{"self":[{"href":"https:\/\/www.aipflorida.com\/es\/wp-json\/wp\/v2\/pages\/11145","targetHints":{"allow":["GET"]}}],"collection":[{"href":"https:\/\/www.aipflorida.com\/es\/wp-json\/wp\/v2\/pages"}],"about":[{"href":"https:\/\/www.aipflorida.com\/es\/wp-json\/wp\/v2\/types\/page"}],"author":[{"embeddable":true,"href":"https:\/\/www.aipflorida.com\/es\/wp-json\/wp\/v2\/users\/6"}],"replies":[{"embeddable":true,"href":"https:\/\/www.aipflorida.com\/es\/wp-json\/wp\/v2\/comments?post=11145"}],"version-history":[{"count":0,"href":"https:\/\/www.aipflorida.com\/es\/wp-json\/wp\/v2\/pages\/11145\/revisions"}],"wp:attachment":[{"href":"https:\/\/www.aipflorida.com\/es\/wp-json\/wp\/v2\/media?parent=11145"}],"curies":[{"name":"wp","href":"https:\/\/api.w.org\/{rel}","templated":true}]}}