{"id":6850,"date":"2022-06-20T10:45:26","date_gmt":"2022-06-20T15:45:26","guid":{"rendered":"http:\/\/american-insurance.one.zysites.com\/about-us\/"},"modified":"2025-02-27T16:25:40","modified_gmt":"2025-02-27T22:25:40","slug":"about-us","status":"publish","type":"page","link":"https:\/\/www.aipflorida.com\/es\/about-us\/","title":{"rendered":"Sobre nosotros"},"content":{"rendered":"<h2>Bienvenido a nuestro nuevo sitio web<\/h2>\n<p>Nuestro personal dedicado de profesionales de seguros est\u00e1 aqu\u00ed para ayudarlo a obtener una p\u00f3liza de seguro de vida para protegerlo a usted y a sus seres queridos en los a\u00f1os venideros. Con un vasto conocimiento de nuestros muchos proveedores, estamos equipados para buscar la mejor p\u00f3liza que se adapte a sus necesidades. Nuestro trabajo es ayudarlo a navegar a trav\u00e9s del mar de opciones de pol\u00edticas y aclarar cualquier pregunta o inquietud que pueda tener en el camino.<\/p>\n<p>Hemos servido con \u00e9xito a cientos de clientes y estamos decididos a tratar a cada individuo con respeto y compasi\u00f3n. Comprar un seguro puede ser dif\u00edcil, pero nuestro personal hace el trabajo por usted. Mantenga su tranquilidad sabiendo que nuestros profesionales de seguros lo respaldan.<\/p>\n<h2>Orgullosos miembros de:<\/h2>\n<p><img decoding=\"async\" class=\"alignnone size-full wp-image-6856 lazyload\" data-src=\"https:\/\/aipflorida.com\/wp-content\/uploads\/sites\/40\/2022\/08\/faia.jpg\" alt=\"\" width=\"200\" height=\"78\" src=\"data:image\/svg+xml;base64,PHN2ZyB3aWR0aD0iMSIgaGVpZ2h0PSIxIiB4bWxucz0iaHR0cDovL3d3dy53My5vcmcvMjAwMC9zdmciPjwvc3ZnPg==\" style=\"--smush-placeholder-width: 200px; --smush-placeholder-aspect-ratio: 200\/78;\" \/> <img decoding=\"async\" class=\"alignnone size-medium wp-image-6858 lazyload\" data-src=\"https:\/\/aipflorida.com\/wp-content\/uploads\/sites\/40\/2022\/08\/bbb.jpg\" alt=\"\" width=\"200\" height=\"78\" src=\"data:image\/svg+xml;base64,PHN2ZyB3aWR0aD0iMSIgaGVpZ2h0PSIxIiB4bWxucz0iaHR0cDovL3d3dy53My5vcmcvMjAwMC9zdmciPjwvc3ZnPg==\" style=\"--smush-placeholder-width: 200px; --smush-placeholder-aspect-ratio: 200\/78;\" \/> <img decoding=\"async\" class=\"alignnone size-medium wp-image-6860 lazyload\" data-src=\"https:\/\/aipflorida.com\/wp-content\/uploads\/sites\/40\/2022\/08\/big_i_markets.jpg\" alt=\"\" width=\"200\" height=\"78\" src=\"data:image\/svg+xml;base64,PHN2ZyB3aWR0aD0iMSIgaGVpZ2h0PSIxIiB4bWxucz0iaHR0cDovL3d3dy53My5vcmcvMjAwMC9zdmciPjwvc3ZnPg==\" style=\"--smush-placeholder-width: 200px; --smush-placeholder-aspect-ratio: 200\/78;\" \/><\/p>\n<p><iframe width=\"560\" height=\"315\" data-src=\"https:\/\/www.youtube.com\/embed\/3gM0KA8DPi4?si=azdKw-H4Xa8qjasI\" title=\"YouTube video player\" frameborder=\"0\" allow=\"accelerometer; autoplay; clipboard-write; encrypted-media; gyroscope; picture-in-picture; web-share\" referrerpolicy=\"strict-origin-when-cross-origin\" allowfullscreen src=\"data:image\/svg+xml;base64,PHN2ZyB3aWR0aD0iMSIgaGVpZ2h0PSIxIiB4bWxucz0iaHR0cDovL3d3dy53My5vcmcvMjAwMC9zdmciPjwvc3ZnPg==\" class=\"lazyload\" data-load-mode=\"1\"><\/iframe><\/p>\n<p><iframe width=\"560\" height=\"315\" data-src=\"https:\/\/www.youtube.com\/embed\/M9TXZHJY79o?si=qF3YYbyan7rdWPgP\" title=\"YouTube video player\" frameborder=\"0\" allow=\"accelerometer; autoplay; clipboard-write; encrypted-media; gyroscope; picture-in-picture; web-share\" referrerpolicy=\"strict-origin-when-cross-origin\" allowfullscreen src=\"data:image\/svg+xml;base64,PHN2ZyB3aWR0aD0iMSIgaGVpZ2h0PSIxIiB4bWxucz0iaHR0cDovL3d3dy53My5vcmcvMjAwMC9zdmciPjwvc3ZnPg==\" class=\"lazyload\" data-load-mode=\"1\"><\/iframe><\/p>\n<p><iframe width=\"560\" height=\"315\" data-src=\"https:\/\/www.youtube.com\/embed\/NuHiqIcrqDg?si=ccZIq9_uwc5vd5_x\" title=\"YouTube video player\" frameborder=\"0\" allow=\"accelerometer; autoplay; clipboard-write; encrypted-media; gyroscope; picture-in-picture; web-share\" referrerpolicy=\"strict-origin-when-cross-origin\" allowfullscreen src=\"data:image\/svg+xml;base64,PHN2ZyB3aWR0aD0iMSIgaGVpZ2h0PSIxIiB4bWxucz0iaHR0cDovL3d3dy53My5vcmcvMjAwMC9zdmciPjwvc3ZnPg==\" class=\"lazyload\" data-load-mode=\"1\"><\/iframe><\/p>\n","protected":false},"excerpt":{"rendered":"<p>Bienvenido a nuestro nuevo sitio web Nuestro personal dedicado de profesionales de seguros est\u00e1 aqu\u00ed para ayudarlo a obtener una [&hellip;]<\/p>\n","protected":false},"author":6,"featured_media":0,"parent":0,"menu_order":0,"comment_status":"closed","ping_status":"closed","template":"","meta":{"_acf_changed":false,"_seopress_robots_primary_cat":"","_seopress_titles_title":"","_seopress_titles_desc":"","_seopress_robots_index":"","_analytify_skip_tracking":false,"footnotes":""},"class_list":["post-6850","page","type-page","status-publish","hentry"],"acf":[],"_links":{"self":[{"href":"https:\/\/www.aipflorida.com\/es\/wp-json\/wp\/v2\/pages\/6850","targetHints":{"allow":["GET"]}}],"collection":[{"href":"https:\/\/www.aipflorida.com\/es\/wp-json\/wp\/v2\/pages"}],"about":[{"href":"https:\/\/www.aipflorida.com\/es\/wp-json\/wp\/v2\/types\/page"}],"author":[{"embeddable":true,"href":"https:\/\/www.aipflorida.com\/es\/wp-json\/wp\/v2\/users\/6"}],"replies":[{"embeddable":true,"href":"https:\/\/www.aipflorida.com\/es\/wp-json\/wp\/v2\/comments?post=6850"}],"version-history":[{"count":0,"href":"https:\/\/www.aipflorida.com\/es\/wp-json\/wp\/v2\/pages\/6850\/revisions"}],"wp:attachment":[{"href":"https:\/\/www.aipflorida.com\/es\/wp-json\/wp\/v2\/media?parent=6850"}],"curies":[{"name":"wp","href":"https:\/\/api.w.org\/{rel}","templated":true}]}}